{"id":870,"date":"2025-03-28T08:56:49","date_gmt":"2025-03-28T08:56:49","guid":{"rendered":"https:\/\/www.redmaverick.com\/?page_id=870"},"modified":"2025-03-28T11:18:33","modified_gmt":"2025-03-28T11:18:33","slug":"politica-de-privacidad","status":"publish","type":"page","link":"https:\/\/www.redmaverick.com\/es\/politica-de-privacidad\/","title":{"rendered":"Pol\u00edtica de privacidad"},"content":{"rendered":"\t\t<div data-elementor-type=\"wp-page\" data-elementor-id=\"870\" class=\"elementor elementor-870\" data-elementor-post-type=\"page\">\n\t\t\t\t<div class=\"elementor-element elementor-element-bc35977 e-flex e-con-boxed lakit-col-width-auto-no e-container e-root-container elementor-top-section e-con e-parent\" data-id=\"bc35977\" data-element_type=\"container\" data-e-type=\"container\" data-settings=\"{&quot;background_background&quot;:&quot;classic&quot;}\">\n\t\t\t\t\t<div class=\"e-con-inner\">\n\t\t<div class=\"elementor-element elementor-element-592af25 e-con-full e-flex lakit-col-width-auto-no e-container e-con e-child\" data-id=\"592af25\" data-element_type=\"container\" data-e-type=\"container\">\n\t\t<div class=\"elementor-element elementor-element-94498ce e-con-full e-flex lakit-col-width-auto-no e-container e-con e-child\" data-id=\"94498ce\" data-element_type=\"container\" data-e-type=\"container\">\n\t\t<div class=\"elementor-element elementor-element-88d7d9a e-con-full e-flex lakit-col-width-auto-no e-container e-con e-child\" data-id=\"88d7d9a\" data-element_type=\"container\" data-e-type=\"container\">\n\t\t\t\t<div class=\"elementor-element elementor-element-3b1cf99 elementor-widget__width-initial elementor-widget elementor-widget-heading\" data-id=\"3b1cf99\" data-element_type=\"widget\" data-e-type=\"widget\" data-widget_type=\"heading.default\">\n\t\t\t\t<div class=\"elementor-widget-container\">\n\t\t\t\t\t<h2 class=\"elementor-heading-title elementor-size-default\">Pol\u00edtica de privacidad<\/h2>\t\t\t\t<\/div>\n\t\t\t\t<\/div>\n\t\t\t\t<\/div>\n\t\t\t\t<\/div>\n\t\t\t\t<\/div>\n\t\t\t\t\t<\/div>\n\t\t\t\t<\/div>\n\t\t<div class=\"elementor-element elementor-element-e5656e0 e-flex e-con-boxed lakit-col-width-auto-no e-container e-root-container elementor-top-section e-con e-parent\" data-id=\"e5656e0\" data-element_type=\"container\" data-e-type=\"container\">\n\t\t\t\t\t<div class=\"e-con-inner\">\n\t\t<div class=\"elementor-element elementor-element-2be2b29 e-con-full e-flex lakit-col-width-auto-no elementor-invisible e-container e-con e-child\" data-id=\"2be2b29\" data-element_type=\"container\" data-e-type=\"container\" data-settings=\"{&quot;animation&quot;:&quot;fadeIn&quot;}\">\n\t\t\t\t<div class=\"elementor-element elementor-element-edc439d elementor-widget elementor-widget-heading\" data-id=\"edc439d\" data-element_type=\"widget\" data-e-type=\"widget\" data-widget_type=\"heading.default\">\n\t\t\t\t<div class=\"elementor-widget-container\">\n\t\t\t\t\t<h2 class=\"elementor-heading-title elementor-size-default\">Informaci\u00f3n acerca de nuestra Pol\u00edtica de Privacidad<\/h2>\t\t\t\t<\/div>\n\t\t\t\t<\/div>\n\t\t\t\t<div class=\"elementor-element elementor-element-df8f9a5 elementor-widget elementor-widget-heading\" data-id=\"df8f9a5\" data-element_type=\"widget\" data-e-type=\"widget\" data-widget_type=\"heading.default\">\n\t\t\t\t<div class=\"elementor-widget-container\">\n\t\t\t\t\t<h3 class=\"elementor-heading-title elementor-size-default\">\u00bfQui\u00e9n es el Responsable del tratamiento de sus datos?<\/h3>\t\t\t\t<\/div>\n\t\t\t\t<\/div>\n\t\t\t\t<div class=\"elementor-element elementor-element-922fea6 elementor-widget elementor-widget-text-editor\" data-id=\"922fea6\" data-element_type=\"widget\" data-e-type=\"widget\" data-widget_type=\"text-editor.default\">\n\t\t\t\t<div class=\"elementor-widget-container\">\n\t\t\t\t\t\t\t\t\t<p>Eric David Rubin Shelkowsky (RED MAVERICK) \u2013 NIF:\u00a026890715N<br \/>C\/ Biscaia, 394, 6\u00ba, 2\u00aa, Esc. 1. 08027, Barcelona.<br \/>(+34) 656311535.<br \/>Puedes contactar con nuestro Delegado de Protecci\u00f3n de Datos aqu\u00ed:\u00a0<a href=\"mailto:info@redmaverick.com\">info@redmaverick.com<\/a><\/p>\t\t\t\t\t\t\t\t<\/div>\n\t\t\t\t<\/div>\n\t\t\t\t<div class=\"elementor-element elementor-element-f10e9f4 elementor-widget elementor-widget-heading\" data-id=\"f10e9f4\" data-element_type=\"widget\" data-e-type=\"widget\" data-widget_type=\"heading.default\">\n\t\t\t\t<div class=\"elementor-widget-container\">\n\t\t\t\t\t<h3 class=\"elementor-heading-title elementor-size-default\">\u00bfCon qu\u00e9 finalidad tratamos sus datos personales?<\/h3>\t\t\t\t<\/div>\n\t\t\t\t<\/div>\n\t\t\t\t<div class=\"elementor-element elementor-element-7fae457 elementor-widget elementor-widget-text-editor\" data-id=\"7fae457\" data-element_type=\"widget\" data-e-type=\"widget\" data-widget_type=\"text-editor.default\">\n\t\t\t\t<div class=\"elementor-widget-container\">\n\t\t\t\t\t\t\t\t\t<p>En RED MAVERICK realizamos tres tipos de tratamientos de datos personales diferenciados:<\/p><ul><li>tratamos la informaci\u00f3n que nos facilitan los candidatos con el fin de mantenerlos informados de las distintas vacantes a un puesto de trabajo que se produzcan en nuestra organizaci\u00f3n.<\/li><li>tratamos la informaci\u00f3n que nos facilitan los potenciales clientes con el fin de presentarles nuestras propuestas y servicios comerciales<\/li><li>tratamos la informaci\u00f3n de los participantes en nuestras investigaciones con la finalidad de realizar estudios de mercado<\/li><\/ul><p><span style=\"font-family: -apple-system, BlinkMacSystemFont, 'Segoe UI', Roboto, 'Helvetica Neue', Arial, 'Noto Sans', sans-serif, 'Apple Color Emoji', 'Segoe UI Emoji', 'Segoe UI Symbol', 'Noto Color Emoji';\">Si la comunicaci\u00f3n de sus datos personales es un acto voluntario, necesario para prestarle un servicio o para que Usted pueda participar en nuestros estudios de mercado. En el caso de que prefiera no facilitarnos sus datos, no podremos prestarle ning\u00fan servicio ni participar en nuestros proyectos de investigaci\u00f3n.<\/span><\/p>\t\t\t\t\t\t\t\t<\/div>\n\t\t\t\t<\/div>\n\t\t\t\t<div class=\"elementor-element elementor-element-da74d31 elementor-widget elementor-widget-heading\" data-id=\"da74d31\" data-element_type=\"widget\" data-e-type=\"widget\" data-widget_type=\"heading.default\">\n\t\t\t\t<div class=\"elementor-widget-container\">\n\t\t\t\t\t<h3 class=\"elementor-heading-title elementor-size-default\">\u00bfQu\u00e9 datos personales suyos trataremos?<\/h3>\t\t\t\t<\/div>\n\t\t\t\t<\/div>\n\t\t\t\t<div class=\"elementor-element elementor-element-a5b6101 elementor-widget elementor-widget-text-editor\" data-id=\"a5b6101\" data-element_type=\"widget\" data-e-type=\"widget\" data-widget_type=\"text-editor.default\">\n\t\t\t\t<div class=\"elementor-widget-container\">\n\t\t\t\t\t\t\t\t\t<p>En el caso de candidatos y clientes trataremos sus datos b\u00e1sicos de contacto. En el caso de participantes en estudios de mercado trataremos sus datos b\u00e1sicos de contacto as\u00ed como sus opiniones y preferencias expresadas en nuestros proyectos de investigaci\u00f3n.<\/p><p>La fuente de la que proceden los datos son los propios interesados.<\/p>\t\t\t\t\t\t\t\t<\/div>\n\t\t\t\t<\/div>\n\t\t\t\t<div class=\"elementor-element elementor-element-e0fc182 elementor-widget elementor-widget-heading\" data-id=\"e0fc182\" data-element_type=\"widget\" data-e-type=\"widget\" data-widget_type=\"heading.default\">\n\t\t\t\t<div class=\"elementor-widget-container\">\n\t\t\t\t\t<h3 class=\"elementor-heading-title elementor-size-default\">\u00bfPor cu\u00e1nto tiempo conservaremos sus datos?<\/h3>\t\t\t\t<\/div>\n\t\t\t\t<\/div>\n\t\t\t\t<div class=\"elementor-element elementor-element-3f74017 elementor-widget elementor-widget-text-editor\" data-id=\"3f74017\" data-element_type=\"widget\" data-e-type=\"widget\" data-widget_type=\"text-editor.default\">\n\t\t\t\t<div class=\"elementor-widget-container\">\n\t\t\t\t\t\t\t\t\t<p>Los datos proporcionados se conservar\u00e1n durante un a\u00f1o o hasta que usted ejerza su derecho de supresi\u00f3n.<\/p>\t\t\t\t\t\t\t\t<\/div>\n\t\t\t\t<\/div>\n\t\t\t\t<div class=\"elementor-element elementor-element-e581904 elementor-widget elementor-widget-heading\" data-id=\"e581904\" data-element_type=\"widget\" data-e-type=\"widget\" data-widget_type=\"heading.default\">\n\t\t\t\t<div class=\"elementor-widget-container\">\n\t\t\t\t\t<h3 class=\"elementor-heading-title elementor-size-default\">\u00bfCu\u00e1l es la legitimaci\u00f3n para el tratamiento de sus datos?<\/h3>\t\t\t\t<\/div>\n\t\t\t\t<\/div>\n\t\t\t\t<div class=\"elementor-element elementor-element-4c09c7a elementor-widget elementor-widget-text-editor\" data-id=\"4c09c7a\" data-element_type=\"widget\" data-e-type=\"widget\" data-widget_type=\"text-editor.default\">\n\t\t\t\t<div class=\"elementor-widget-container\">\n\t\t\t\t\t\t\t\t\t<p>La base legal para el tratamiento de sus datos es el consentimiento del interesado.\u00a0<\/p>\t\t\t\t\t\t\t\t<\/div>\n\t\t\t\t<\/div>\n\t\t\t\t<div class=\"elementor-element elementor-element-0eed51e elementor-widget elementor-widget-heading\" data-id=\"0eed51e\" data-element_type=\"widget\" data-e-type=\"widget\" data-widget_type=\"heading.default\">\n\t\t\t\t<div class=\"elementor-widget-container\">\n\t\t\t\t\t<h3 class=\"elementor-heading-title elementor-size-default\">\u00bfA qu\u00e9 destinarios se comunicar\u00e1n sus datos?<\/h3>\t\t\t\t<\/div>\n\t\t\t\t<\/div>\n\t\t\t\t<div class=\"elementor-element elementor-element-e91fe38 elementor-widget elementor-widget-text-editor\" data-id=\"e91fe38\" data-element_type=\"widget\" data-e-type=\"widget\" data-widget_type=\"text-editor.default\">\n\t\t\t\t<div class=\"elementor-widget-container\">\n\t\t\t\t\t\t\t\t\t<p>En el caso de candidatos y clientes no se prev\u00e9n comunicaciones de datos a terceros, salvo obligaci\u00f3n legal.<\/p><p>En el caso de los participantes en estudios de mercado, se podr\u00edan realizar comunicaciones a:<\/p><ul><li>Bancos y cajas de ahorros, para realizar pagos<\/li><li>Administraci\u00f3n Tributaria, para dar cumplimiento a obligaciones fiscales<\/li><li>La empresa que ha contratado el estudio en el que usted participa, a la cual, se le podr\u00e1n facilitar v\u00eddeos y grabaciones de audio con el contenido de las entrevistas realizadas<\/li><\/ul>\t\t\t\t\t\t\t\t<\/div>\n\t\t\t\t<\/div>\n\t\t\t\t<div class=\"elementor-element elementor-element-e88e246 elementor-widget elementor-widget-heading\" data-id=\"e88e246\" data-element_type=\"widget\" data-e-type=\"widget\" data-widget_type=\"heading.default\">\n\t\t\t\t<div class=\"elementor-widget-container\">\n\t\t\t\t\t<h3 class=\"elementor-heading-title elementor-size-default\">\u00bfSe transferir\u00e1n sus datos fuera del espacio europeo?<\/h3>\t\t\t\t<\/div>\n\t\t\t\t<\/div>\n\t\t\t\t<div class=\"elementor-element elementor-element-3886877 elementor-widget elementor-widget-text-editor\" data-id=\"3886877\" data-element_type=\"widget\" data-e-type=\"widget\" data-widget_type=\"text-editor.default\">\n\t\t\t\t<div class=\"elementor-widget-container\">\n\t\t\t\t\t\t\t\t\t<p>No, no se prev\u00e9n comunicaciones de sus datos personales fuera del espacio europeo.<\/p>\t\t\t\t\t\t\t\t<\/div>\n\t\t\t\t<\/div>\n\t\t\t\t<div class=\"elementor-element elementor-element-632360e elementor-widget elementor-widget-heading\" data-id=\"632360e\" data-element_type=\"widget\" data-e-type=\"widget\" data-widget_type=\"heading.default\">\n\t\t\t\t<div class=\"elementor-widget-container\">\n\t\t\t\t\t<h3 class=\"elementor-heading-title elementor-size-default\">\u00bfCu\u00e1les son sus derechos cuando nos facilita sus datos?<\/h3>\t\t\t\t<\/div>\n\t\t\t\t<\/div>\n\t\t\t\t<div class=\"elementor-element elementor-element-99d4ef7 elementor-widget elementor-widget-text-editor\" data-id=\"99d4ef7\" data-element_type=\"widget\" data-e-type=\"widget\" data-widget_type=\"text-editor.default\">\n\t\t\t\t<div class=\"elementor-widget-container\">\n\t\t\t\t\t\t\t\t\t<p>Cualquier persona tiene derecho a obtener confirmaci\u00f3n sobre si en RED MAVERICK estamos tratando datos personales que les conciernan o no.<\/p><p>Las personas interesadas tienen derecho a acceder a sus datos personales, a retirar el consentimiento prestado, as\u00ed como a solicitar la rectificaci\u00f3n de los datos inexactos o, en su caso, solicitar su supresi\u00f3n cuando, entre otros motivos, los datos ya no sean necesarios para los fines que fueron recogidos.<\/p><p>En determinadas circunstancias, los interesados podr\u00e1n solicitar la limitaci\u00f3n del tratamiento de sus datos, en cuyo caso \u00fanicamente los conservaremos para el ejercicio o la defensa de reclamaciones.<\/p><p>En determinadas circunstancias y por motivos relacionados con su situaci\u00f3n particular, los interesados podr\u00e1n oponerse al tratamiento de sus datos. RED MAVERICK dejar\u00e1 de tratar los datos, salvo por motivos leg\u00edtimos imperiosos, para el ejercicio o la defensa de posibles reclamaciones.<\/p><p>En virtud del derecho a la potabilidad, los interesados tienen derecho a obtener los datos personales que les incumben en un formato estructurado de uso com\u00fan y lectura mec\u00e1nica y a transmitirlos a otro responsable.<\/p>\t\t\t\t\t\t\t\t<\/div>\n\t\t\t\t<\/div>\n\t\t\t\t<div class=\"elementor-element elementor-element-0ab8d2f elementor-widget elementor-widget-heading\" data-id=\"0ab8d2f\" data-element_type=\"widget\" data-e-type=\"widget\" data-widget_type=\"heading.default\">\n\t\t\t\t<div class=\"elementor-widget-container\">\n\t\t\t\t\t<h3 class=\"elementor-heading-title elementor-size-default\">\u00bfC\u00f3mo se pueden ejercer los derechos?<\/h3>\t\t\t\t<\/div>\n\t\t\t\t<\/div>\n\t\t\t\t<div class=\"elementor-element elementor-element-87426cc elementor-widget elementor-widget-text-editor\" data-id=\"87426cc\" data-element_type=\"widget\" data-e-type=\"widget\" data-widget_type=\"text-editor.default\">\n\t\t\t\t<div class=\"elementor-widget-container\">\n\t\t\t\t\t\t\t\t\t<p>Mediante un escrito, adjuntando fotocopia del DNI o documento identificativo equivalente, dirigido a Eric David Rubin Shelkowsky C\/Biscaia, 394, 6\u00ba, 2\u00aa, Esc. 1. 08027. Barcelona.<\/p>\t\t\t\t\t\t\t\t<\/div>\n\t\t\t\t<\/div>\n\t\t\t\t<div class=\"elementor-element elementor-element-deeb467 elementor-widget elementor-widget-heading\" data-id=\"deeb467\" data-element_type=\"widget\" data-e-type=\"widget\" data-widget_type=\"heading.default\">\n\t\t\t\t<div class=\"elementor-widget-container\">\n\t\t\t\t\t<h3 class=\"elementor-heading-title elementor-size-default\">\u00bfQu\u00e9 v\u00edas de reclamaci\u00f3n existen?<\/h3>\t\t\t\t<\/div>\n\t\t\t\t<\/div>\n\t\t\t\t<div class=\"elementor-element elementor-element-8a3bf42 elementor-widget elementor-widget-text-editor\" data-id=\"8a3bf42\" data-element_type=\"widget\" data-e-type=\"widget\" data-widget_type=\"text-editor.default\">\n\t\t\t\t<div class=\"elementor-widget-container\">\n\t\t\t\t\t\t\t\t\t<p>Si considera que sus derechos no se han atendido debidamente, tiene derecho a presentar una reclamaci\u00f3n ante la Agencia Espa\u00f1ola de Protecci\u00f3n de Datos.<\/p>\t\t\t\t\t\t\t\t<\/div>\n\t\t\t\t<\/div>\n\t\t\t\t<\/div>\n\t\t\t\t\t<\/div>\n\t\t\t\t<\/div>\n\t\t\t\t<\/div>\n\t\t","protected":false},"excerpt":{"rendered":"<p>Pol\u00edtica de privacidad Informaci\u00f3n acerca de nuestra Pol\u00edtica de Privacidad \u00bfQui\u00e9n es el Responsable del tratamiento de sus datos? Eric David Rubin Shelkowsky (RED MAVERICK) \u2013 NIF:\u00a026890715NC\/ Biscaia, 394, 6\u00ba, 2\u00aa, Esc. 1. 08027, Barcelona.(+34) 656311535.Puedes contactar con nuestro Delegado de Protecci\u00f3n de Datos aqu\u00ed:\u00a0info@redmaverick.com \u00bfCon qu\u00e9 finalidad tratamos sus datos personales? En RED MAVERICK [&hellip;]<\/p>\n","protected":false},"author":1,"featured_media":0,"parent":0,"menu_order":0,"comment_status":"closed","ping_status":"closed","template":"","meta":{"footnotes":""},"class_list":["post-870","page","type-page","status-publish","hentry"],"yoast_head":"<!-- This site is optimized with the Yoast SEO plugin v27.1.1 - https:\/\/yoast.com\/product\/yoast-seo-wordpress\/ -->\n<title>Pol\u00edtica de privacidad - Red Maverick<\/title>\n<meta name=\"robots\" content=\"index, follow, max-snippet:-1, max-image-preview:large, max-video-preview:-1\" \/>\n<link rel=\"canonical\" href=\"https:\/\/www.redmaverick.com\/es\/politica-de-privacidad\/\" \/>\n<meta property=\"og:locale\" content=\"es_ES\" \/>\n<meta property=\"og:type\" content=\"article\" \/>\n<meta property=\"og:title\" content=\"Pol\u00edtica de privacidad - Red Maverick\" \/>\n<meta property=\"og:description\" content=\"Pol\u00edtica de privacidad Informaci\u00f3n acerca de nuestra Pol\u00edtica de Privacidad \u00bfQui\u00e9n es el Responsable del tratamiento de sus datos? Eric David Rubin Shelkowsky (RED MAVERICK) \u2013 NIF:\u00a026890715NC\/ Biscaia, 394, 6\u00ba, 2\u00aa, Esc. 1. 08027, Barcelona.(+34) 656311535.Puedes contactar con nuestro Delegado de Protecci\u00f3n de Datos aqu\u00ed:\u00a0info@redmaverick.com \u00bfCon qu\u00e9 finalidad tratamos sus datos personales? En RED MAVERICK [&hellip;]\" \/>\n<meta property=\"og:url\" content=\"https:\/\/www.redmaverick.com\/es\/politica-de-privacidad\/\" \/>\n<meta property=\"og:site_name\" content=\"Red Maverick\" \/>\n<meta property=\"article:modified_time\" content=\"2025-03-28T11:18:33+00:00\" \/>\n<meta name=\"twitter:card\" content=\"summary_large_image\" \/>\n<meta name=\"twitter:label1\" content=\"Tiempo de lectura\" \/>\n\t<meta name=\"twitter:data1\" content=\"3 minutos\" \/>\n<script type=\"application\/ld+json\" class=\"yoast-schema-graph\">{\"@context\":\"https:\/\/schema.org\",\"@graph\":[{\"@type\":\"WebPage\",\"@id\":\"https:\/\/www.redmaverick.com\/es\/politica-de-privacidad\/\",\"url\":\"https:\/\/www.redmaverick.com\/es\/politica-de-privacidad\/\",\"name\":\"Pol\u00edtica de privacidad - Red Maverick\",\"isPartOf\":{\"@id\":\"https:\/\/www.redmaverick.com\/es\/#website\"},\"datePublished\":\"2025-03-28T08:56:49+00:00\",\"dateModified\":\"2025-03-28T11:18:33+00:00\",\"breadcrumb\":{\"@id\":\"https:\/\/www.redmaverick.com\/es\/politica-de-privacidad\/#breadcrumb\"},\"inLanguage\":\"es\",\"potentialAction\":[{\"@type\":\"ReadAction\",\"target\":[\"https:\/\/www.redmaverick.com\/es\/politica-de-privacidad\/\"]}]},{\"@type\":\"BreadcrumbList\",\"@id\":\"https:\/\/www.redmaverick.com\/es\/politica-de-privacidad\/#breadcrumb\",\"itemListElement\":[{\"@type\":\"ListItem\",\"position\":1,\"name\":\"Portada\",\"item\":\"https:\/\/www.redmaverick.com\/es\/\"},{\"@type\":\"ListItem\",\"position\":2,\"name\":\"Pol\u00edtica de privacidad\"}]},{\"@type\":\"WebSite\",\"@id\":\"https:\/\/www.redmaverick.com\/es\/#website\",\"url\":\"https:\/\/www.redmaverick.com\/es\/\",\"name\":\"Red Maverick\",\"description\":\"\",\"publisher\":{\"@id\":\"https:\/\/www.redmaverick.com\/es\/#organization\"},\"potentialAction\":[{\"@type\":\"SearchAction\",\"target\":{\"@type\":\"EntryPoint\",\"urlTemplate\":\"https:\/\/www.redmaverick.com\/es\/?s={search_term_string}\"},\"query-input\":{\"@type\":\"PropertyValueSpecification\",\"valueRequired\":true,\"valueName\":\"search_term_string\"}}],\"inLanguage\":\"es\"},{\"@type\":\"Organization\",\"@id\":\"https:\/\/www.redmaverick.com\/es\/#organization\",\"name\":\"Red Maverick\",\"url\":\"https:\/\/www.redmaverick.com\/es\/\",\"logo\":{\"@type\":\"ImageObject\",\"inLanguage\":\"es\",\"@id\":\"https:\/\/www.redmaverick.com\/es\/#\/schema\/logo\/image\/\",\"url\":\"https:\/\/www.redmaverick.com\/wp-content\/uploads\/2025\/03\/RM-logo-cmyk-300dpi-M.png\",\"contentUrl\":\"https:\/\/www.redmaverick.com\/wp-content\/uploads\/2025\/03\/RM-logo-cmyk-300dpi-M.png\",\"width\":600,\"height\":216,\"caption\":\"Red Maverick\"},\"image\":{\"@id\":\"https:\/\/www.redmaverick.com\/es\/#\/schema\/logo\/image\/\"},\"sameAs\":[\"https:\/\/www.linkedin.com\/in\/ericdrubin\/\"]}]}<\/script>\n<!-- \/ Yoast SEO plugin. -->","yoast_head_json":{"title":"Pol\u00edtica de privacidad - Red Maverick","robots":{"index":"index","follow":"follow","max-snippet":"max-snippet:-1","max-image-preview":"max-image-preview:large","max-video-preview":"max-video-preview:-1"},"canonical":"https:\/\/www.redmaverick.com\/es\/politica-de-privacidad\/","og_locale":"es_ES","og_type":"article","og_title":"Pol\u00edtica de privacidad - Red Maverick","og_description":"Pol\u00edtica de privacidad Informaci\u00f3n acerca de nuestra Pol\u00edtica de Privacidad \u00bfQui\u00e9n es el Responsable del tratamiento de sus datos? Eric David Rubin Shelkowsky (RED MAVERICK) \u2013 NIF:\u00a026890715NC\/ Biscaia, 394, 6\u00ba, 2\u00aa, Esc. 1. 08027, Barcelona.(+34) 656311535.Puedes contactar con nuestro Delegado de Protecci\u00f3n de Datos aqu\u00ed:\u00a0info@redmaverick.com \u00bfCon qu\u00e9 finalidad tratamos sus datos personales? En RED MAVERICK [&hellip;]","og_url":"https:\/\/www.redmaverick.com\/es\/politica-de-privacidad\/","og_site_name":"Red Maverick","article_modified_time":"2025-03-28T11:18:33+00:00","twitter_card":"summary_large_image","twitter_misc":{"Tiempo de lectura":"3 minutos"},"schema":{"@context":"https:\/\/schema.org","@graph":[{"@type":"WebPage","@id":"https:\/\/www.redmaverick.com\/es\/politica-de-privacidad\/","url":"https:\/\/www.redmaverick.com\/es\/politica-de-privacidad\/","name":"Pol\u00edtica de privacidad - Red Maverick","isPartOf":{"@id":"https:\/\/www.redmaverick.com\/es\/#website"},"datePublished":"2025-03-28T08:56:49+00:00","dateModified":"2025-03-28T11:18:33+00:00","breadcrumb":{"@id":"https:\/\/www.redmaverick.com\/es\/politica-de-privacidad\/#breadcrumb"},"inLanguage":"es","potentialAction":[{"@type":"ReadAction","target":["https:\/\/www.redmaverick.com\/es\/politica-de-privacidad\/"]}]},{"@type":"BreadcrumbList","@id":"https:\/\/www.redmaverick.com\/es\/politica-de-privacidad\/#breadcrumb","itemListElement":[{"@type":"ListItem","position":1,"name":"Portada","item":"https:\/\/www.redmaverick.com\/es\/"},{"@type":"ListItem","position":2,"name":"Pol\u00edtica de privacidad"}]},{"@type":"WebSite","@id":"https:\/\/www.redmaverick.com\/es\/#website","url":"https:\/\/www.redmaverick.com\/es\/","name":"Red Maverick","description":"","publisher":{"@id":"https:\/\/www.redmaverick.com\/es\/#organization"},"potentialAction":[{"@type":"SearchAction","target":{"@type":"EntryPoint","urlTemplate":"https:\/\/www.redmaverick.com\/es\/?s={search_term_string}"},"query-input":{"@type":"PropertyValueSpecification","valueRequired":true,"valueName":"search_term_string"}}],"inLanguage":"es"},{"@type":"Organization","@id":"https:\/\/www.redmaverick.com\/es\/#organization","name":"Red Maverick","url":"https:\/\/www.redmaverick.com\/es\/","logo":{"@type":"ImageObject","inLanguage":"es","@id":"https:\/\/www.redmaverick.com\/es\/#\/schema\/logo\/image\/","url":"https:\/\/www.redmaverick.com\/wp-content\/uploads\/2025\/03\/RM-logo-cmyk-300dpi-M.png","contentUrl":"https:\/\/www.redmaverick.com\/wp-content\/uploads\/2025\/03\/RM-logo-cmyk-300dpi-M.png","width":600,"height":216,"caption":"Red Maverick"},"image":{"@id":"https:\/\/www.redmaverick.com\/es\/#\/schema\/logo\/image\/"},"sameAs":["https:\/\/www.linkedin.com\/in\/ericdrubin\/"]}]}},"_links":{"self":[{"href":"https:\/\/www.redmaverick.com\/es\/wp-json\/wp\/v2\/pages\/870","targetHints":{"allow":["GET"]}}],"collection":[{"href":"https:\/\/www.redmaverick.com\/es\/wp-json\/wp\/v2\/pages"}],"about":[{"href":"https:\/\/www.redmaverick.com\/es\/wp-json\/wp\/v2\/types\/page"}],"author":[{"embeddable":true,"href":"https:\/\/www.redmaverick.com\/es\/wp-json\/wp\/v2\/users\/1"}],"replies":[{"embeddable":true,"href":"https:\/\/www.redmaverick.com\/es\/wp-json\/wp\/v2\/comments?post=870"}],"version-history":[{"count":22,"href":"https:\/\/www.redmaverick.com\/es\/wp-json\/wp\/v2\/pages\/870\/revisions"}],"predecessor-version":[{"id":907,"href":"https:\/\/www.redmaverick.com\/es\/wp-json\/wp\/v2\/pages\/870\/revisions\/907"}],"wp:attachment":[{"href":"https:\/\/www.redmaverick.com\/es\/wp-json\/wp\/v2\/media?parent=870"}],"curies":[{"name":"wp","href":"https:\/\/api.w.org\/{rel}","templated":true}]}}